{"id":227,"date":"2020-04-09T02:35:54","date_gmt":"2020-04-09T05:35:54","guid":{"rendered":"https:\/\/cienciadelacomputacion.uc.cl\/?page_id=227"},"modified":"2024-04-12T10:20:41","modified_gmt":"2024-04-12T13:20:41","slug":"contacto","status":"publish","type":"page","link":"https:\/\/cienciadelacomputacion.uc.cl\/?page_id=227","title":{"rendered":"Contacto"},"content":{"rendered":"\t\t<div data-elementor-type=\"wp-page\" data-elementor-id=\"227\" class=\"elementor elementor-227\">\n\t\t\t\t\t\t<section class=\"elementor-section elementor-top-section elementor-element elementor-element-bff1d30 elementor-section-boxed elementor-section-height-default elementor-section-height-default wpr-particle-no wpr-jarallax-no wpr-parallax-no wpr-sticky-section-no wpr-equal-height-no\" data-id=\"bff1d30\" data-element_type=\"section\" data-e-type=\"section\">\n\t\t\t\t\t\t<div class=\"elementor-container elementor-column-gap-default\">\n\t\t\t\t\t<div class=\"elementor-column elementor-col-100 elementor-top-column elementor-element elementor-element-99def8d\" data-id=\"99def8d\" data-element_type=\"column\" data-e-type=\"column\">\n\t\t\t<div class=\"elementor-widget-wrap elementor-element-populated\">\n\t\t\t\t\t\t<div class=\"elementor-element elementor-element-397b342 elementor-widget elementor-widget-html\" data-id=\"397b342\" data-element_type=\"widget\" data-e-type=\"widget\" data-widget_type=\"html.default\">\n\t\t\t\t<div class=\"elementor-widget-container\">\n\t\t\t\t\t<div class=\"uc-title panel-widget-style panel-widget-style-for-gb1512-64b6f3e32bc2f-0-0-1\"><div class=\"so-widget-sow-editor so-widget-sow-editor-base\">\r\n<div class=\"siteorigin-widget-tinymce textwidget\">\r\n\t<h3>Contacto<\/h3>\r\n<\/div>\r\n<\/div><\/div>\t\t\t\t<\/div>\n\t\t\t\t<\/div>\n\t\t\t\t\t<\/div>\n\t\t<\/div>\n\t\t\t\t\t<\/div>\n\t\t<\/section>\n\t\t\t\t<section class=\"elementor-section elementor-top-section elementor-element elementor-element-ec262f5 elementor-section-boxed elementor-section-height-default elementor-section-height-default wpr-particle-no wpr-jarallax-no wpr-parallax-no wpr-sticky-section-no wpr-equal-height-no\" data-id=\"ec262f5\" data-element_type=\"section\" data-e-type=\"section\">\n\t\t\t\t\t\t<div class=\"elementor-container elementor-column-gap-default\">\n\t\t\t\t\t<div class=\"elementor-column elementor-col-50 elementor-top-column elementor-element elementor-element-8d29c96\" data-id=\"8d29c96\" data-element_type=\"column\" data-e-type=\"column\">\n\t\t\t<div class=\"elementor-widget-wrap elementor-element-populated\">\n\t\t\t\t\t\t<div class=\"elementor-element elementor-element-16e2718 elementor-widget elementor-widget-shortcode\" data-id=\"16e2718\" data-element_type=\"widget\" data-e-type=\"widget\" data-widget_type=\"shortcode.default\">\n\t\t\t\t<div class=\"elementor-widget-container\">\n\t\t\t\t\t\t\t<div class=\"elementor-shortcode\"><div class=\"forminator-ui forminator-custom-form forminator-custom-form-1857 forminator-design--material  forminator_ajax\" data-forminator-render=\"0\" data-form=\"forminator-module-1857\" data-uid=\"69fa05ef62ae1\"><br\/><\/div><form\n\t\t\t\tid=\"forminator-module-1857\"\n\t\t\t\tclass=\"forminator-ui forminator-custom-form forminator-custom-form-1857 forminator-design--material  forminator_ajax\"\n\t\t\t\tmethod=\"post\"\n\t\t\t\tdata-forminator-render=\"0\"\n\t\t\t\tdata-form-id=\"1857\"\n\t\t\t\t data-color-option=\"default\" data-design=\"material\" data-grid=\"open\" style=\"display: none;\"\n\t\t\t\tdata-uid=\"69fa05ef62ae1\"\n\t\t\t><div role=\"alert\" aria-live=\"polite\" class=\"forminator-response-message forminator-error\" aria-hidden=\"true\"><\/div><div class=\"forminator-row\"><div id=\"name-1\" class=\"forminator-field-name forminator-col forminator-col-12 \"><div class=\"forminator-field\"><label for=\"forminator-field-name-1_69fa05ef62ae1\" id=\"forminator-field-name-1_69fa05ef62ae1-label\" class=\"forminator-label\">Nombre <span class=\"forminator-required\">*<\/span><\/label><input type=\"text\" name=\"name-1\" value=\"\" placeholder=\"Ejemplo: Juan\" id=\"forminator-field-name-1_69fa05ef62ae1\" class=\"forminator-input forminator-name--field\" aria-required=\"true\" autocomplete=\"name\" \/><\/div><\/div><\/div><div class=\"forminator-row\"><div id=\"email-1\" class=\"forminator-field-email forminator-col forminator-col-12 \"><div class=\"forminator-field\"><label for=\"forminator-field-email-1_69fa05ef62ae1\" id=\"forminator-field-email-1_69fa05ef62ae1-label\" class=\"forminator-label\">Direcci\u00f3n de correo electr\u00f3nico <span class=\"forminator-required\">*<\/span><\/label><input type=\"email\" name=\"email-1\" value=\"\" placeholder=\"juan@uc.cl\" id=\"forminator-field-email-1_69fa05ef62ae1\" class=\"forminator-input forminator-email--field\" data-required=\"true\" aria-required=\"true\" autocomplete=\"email\" \/><\/div><\/div><\/div><div class=\"forminator-row\"><div id=\"phone-1\" class=\"forminator-field-phone forminator-col forminator-col-12 \"><div class=\"forminator-field\"><label for=\"forminator-field-phone-1_69fa05ef62ae1\" id=\"forminator-field-phone-1_69fa05ef62ae1-label\" class=\"forminator-label\">N\u00famero de tel\u00e9fono<\/label><input type=\"text\" name=\"phone-1\" value=\"\" placeholder=\"Ejemplo: +569 1111 2222\" id=\"forminator-field-phone-1_69fa05ef62ae1\" class=\"forminator-input forminator-field--phone\" data-required=\"\" aria-required=\"false\" autocomplete=\"off\" \/><\/div><\/div><\/div><div class=\"forminator-row\"><div id=\"textarea-1\" class=\"forminator-field-textarea forminator-col forminator-col-12 \"><div class=\"forminator-field\"><label for=\"forminator-field-textarea-1_69fa05ef62ae1\" id=\"forminator-field-textarea-1_69fa05ef62ae1-label\" class=\"forminator-label\">Mensaje<\/label><textarea name=\"textarea-1\" placeholder=\"Introduce tu mensaje...\" id=\"forminator-field-textarea-1_69fa05ef62ae1\" class=\"forminator-textarea\" rows=\"6\" style=\"--forminator-textarea-min-height:140px;\" maxlength=\"180\" ><\/textarea><span id=\"forminator-field-textarea-1_69fa05ef62ae1-description\" class=\"forminator-description\"><span data-limit=\"180\" data-type=\"characters\" data-editor=\"\">0 \/ 180<\/span><\/span><\/div><\/div><\/div><input type=\"hidden\" name=\"referer_url\" value=\"\" \/><div class=\"forminator-row forminator-row-last\"><div class=\"forminator-col\"><div class=\"forminator-field\"><button class=\"forminator-button forminator-button-submit\"><span>Enviar mensaje<\/span><span aria-hidden=\"true\"><\/span><\/button><\/div><\/div><\/div><input type=\"hidden\" id=\"forminator_nonce\" name=\"forminator_nonce\" value=\"ed1407097a\" \/><input type=\"hidden\" name=\"_wp_http_referer\" value=\"\/index.php?rest_route=%2Fwp%2Fv2%2Fpages%2F227\" \/><input type=\"hidden\" name=\"form_id\" value=\"1857\"><input type=\"hidden\" name=\"page_id\" value=\"227\"><input type=\"hidden\" name=\"form_type\" value=\"default\"><input type=\"hidden\" name=\"current_url\" value=\"https:\/\/cienciadelacomputacion.uc.cl\/?page_id=227\"><input type=\"hidden\" name=\"render_id\" value=\"0\"><input type=\"hidden\" name=\"action\" value=\"forminator_submit_form_custom-forms\"><\/form><\/div>\n\t\t\t\t\t\t<\/div>\n\t\t\t\t<\/div>\n\t\t\t\t\t<\/div>\n\t\t<\/div>\n\t\t\t\t<div class=\"elementor-column elementor-col-50 elementor-top-column elementor-element elementor-element-ba9a7c8\" data-id=\"ba9a7c8\" data-element_type=\"column\" data-e-type=\"column\">\n\t\t\t<div class=\"elementor-widget-wrap elementor-element-populated\">\n\t\t\t\t\t\t<div class=\"elementor-element elementor-element-06d23a9 elementor-icon-list--layout-traditional elementor-list-item-link-full_width elementor-widget elementor-widget-icon-list\" data-id=\"06d23a9\" data-element_type=\"widget\" data-e-type=\"widget\" data-widget_type=\"icon-list.default\">\n\t\t\t\t<div class=\"elementor-widget-container\">\n\t\t\t\t\t\t\t<ul class=\"elementor-icon-list-items\">\n\t\t\t\t\t\t\t<li class=\"elementor-icon-list-item\">\n\t\t\t\t\t\t\t\t\t\t\t<span class=\"elementor-icon-list-icon\">\n\t\t\t\t\t\t\t<i aria-hidden=\"true\" class=\"fas fa-map-marker-alt\"><\/i>\t\t\t\t\t\t<\/span>\n\t\t\t\t\t\t\t\t\t\t<span class=\"elementor-icon-list-text\">Vicu\u00f1a Mackenna 4860, Macul<\/span>\n\t\t\t\t\t\t\t\t\t<\/li>\n\t\t\t\t\t\t\t\t<li class=\"elementor-icon-list-item\">\n\t\t\t\t\t\t\t\t\t\t\t<span class=\"elementor-icon-list-icon\">\n\t\t\t\t\t\t\t<i aria-hidden=\"true\" class=\"far fa-clock\"><\/i>\t\t\t\t\t\t<\/span>\n\t\t\t\t\t\t\t\t\t\t<span class=\"elementor-icon-list-text\">Lunes a viernes 9:00 a 18:00<\/span>\n\t\t\t\t\t\t\t\t\t<\/li>\n\t\t\t\t\t\t\t\t<li class=\"elementor-icon-list-item\">\n\t\t\t\t\t\t\t\t\t\t\t<span class=\"elementor-icon-list-icon\">\n\t\t\t\t\t\t\t<i aria-hidden=\"true\" class=\"fas fa-phone-alt\"><\/i>\t\t\t\t\t\t<\/span>\n\t\t\t\t\t\t\t\t\t\t<span class=\"elementor-icon-list-text\">+56 9 5504 4439<\/span>\n\t\t\t\t\t\t\t\t\t<\/li>\n\t\t\t\t\t\t\t\t<li class=\"elementor-icon-list-item\">\n\t\t\t\t\t\t\t\t\t\t\t<span class=\"elementor-icon-list-icon\">\n\t\t\t\t\t\t\t<i aria-hidden=\"true\" class=\"fas fa-envelope\"><\/i>\t\t\t\t\t\t<\/span>\n\t\t\t\t\t\t\t\t\t\t<span class=\"elementor-icon-list-text\"><a href=\"mailto:licdc@uc.cl\">licdc@uc.cl<\/a><\/span>\n\t\t\t\t\t\t\t\t\t<\/li>\n\t\t\t\t\t\t<\/ul>\n\t\t\t\t\t\t<\/div>\n\t\t\t\t<\/div>\n\t\t\t\t<div class=\"elementor-element elementor-element-351e04e elementor-widget elementor-widget-image\" data-id=\"351e04e\" data-element_type=\"widget\" data-e-type=\"widget\" data-widget_type=\"image.default\">\n\t\t\t\t<div class=\"elementor-widget-container\">\n\t\t\t\t\t\t\t\t\t\t\t\t\t\t\t<img fetchpriority=\"high\" decoding=\"async\" width=\"1024\" height=\"683\" src=\"https:\/\/cienciadelacomputacion.uc.cl\/wp-content\/uploads\/2024\/04\/961583_823524-1024x683.webp\" class=\"attachment-large size-large wp-image-1800\" alt=\"\" srcset=\"https:\/\/cienciadelacomputacion.uc.cl\/wp-content\/uploads\/2024\/04\/961583_823524-1024x683.webp 1024w, https:\/\/cienciadelacomputacion.uc.cl\/wp-content\/uploads\/2024\/04\/961583_823524-300x200.webp 300w, https:\/\/cienciadelacomputacion.uc.cl\/wp-content\/uploads\/2024\/04\/961583_823524-768x512.webp 768w, https:\/\/cienciadelacomputacion.uc.cl\/wp-content\/uploads\/2024\/04\/961583_823524-272x182.webp 272w, https:\/\/cienciadelacomputacion.uc.cl\/wp-content\/uploads\/2024\/04\/961583_823524.webp 1200w\" sizes=\"(max-width: 1024px) 100vw, 1024px\" \/>\t\t\t\t\t\t\t\t\t\t\t\t\t\t\t<\/div>\n\t\t\t\t<\/div>\n\t\t\t\t\t<\/div>\n\t\t<\/div>\n\t\t\t\t\t<\/div>\n\t\t<\/section>\n\t\t\t\t<section class=\"elementor-section elementor-top-section elementor-element elementor-element-f862c85 elementor-section-boxed elementor-section-height-default elementor-section-height-default wpr-particle-no wpr-jarallax-no wpr-parallax-no wpr-sticky-section-no wpr-equal-height-no\" data-id=\"f862c85\" data-element_type=\"section\" data-e-type=\"section\">\n\t\t\t\t\t\t<div class=\"elementor-container elementor-column-gap-default\">\n\t\t\t\t\t<div class=\"elementor-column elementor-col-100 elementor-top-column elementor-element elementor-element-6888aa2\" data-id=\"6888aa2\" data-element_type=\"column\" data-e-type=\"column\">\n\t\t\t<div class=\"elementor-widget-wrap elementor-element-populated\">\n\t\t\t\t\t\t<div class=\"elementor-element elementor-element-8047c0b elementor-widget elementor-widget-google_maps\" data-id=\"8047c0b\" data-element_type=\"widget\" data-e-type=\"widget\" data-widget_type=\"google_maps.default\">\n\t\t\t\t<div class=\"elementor-widget-container\">\n\t\t\t\t\t\t\t<div class=\"elementor-custom-embed\">\n\t\t\t<iframe loading=\"lazy\"\n\t\t\t\t\tsrc=\"https:\/\/maps.google.com\/maps?q=Departamento%20de%20Ciencia%20de%20la%20Computaci%C3%B3n%20%28DCC%29%20UC&#038;t=m&#038;z=16&#038;output=embed&#038;iwloc=near\"\n\t\t\t\t\ttitle=\"Departamento de Ciencia de la Computaci\u00f3n (DCC) UC\"\n\t\t\t\t\taria-label=\"Departamento de Ciencia de la Computaci\u00f3n (DCC) UC\"\n\t\t\t><\/iframe>\n\t\t<\/div>\n\t\t\t\t\t\t<\/div>\n\t\t\t\t<\/div>\n\t\t\t\t\t<\/div>\n\t\t<\/div>\n\t\t\t\t\t<\/div>\n\t\t<\/section>\n\t\t\t\t<\/div>\n\t\t","protected":false},"excerpt":{"rendered":"<p>Contacto Vicu\u00f1a Mackenna 4860, Macul Lunes a viernes 9:00 a 18:00 +56 9 5504 4439 licdc@uc.cl<\/p>\n","protected":false},"author":4,"featured_media":0,"parent":0,"menu_order":0,"comment_status":"closed","ping_status":"closed","template":"","meta":{"site-sidebar-layout":"no-sidebar","site-content-layout":"page-builder","ast-site-content-layout":"full-width-container","site-content-style":"default","site-sidebar-style":"default","ast-global-header-display":"","ast-banner-title-visibility":"","ast-main-header-display":"","ast-hfb-above-header-display":"","ast-hfb-below-header-display":"","ast-hfb-mobile-header-display":"","site-post-title":"disabled","ast-breadcrumbs-content":"","ast-featured-img":"disabled","footer-sml-layout":"","ast-disable-related-posts":"","theme-transparent-header-meta":"default","adv-header-id-meta":"","stick-header-meta":"","header-above-stick-meta":"","header-main-stick-meta":"","header-below-stick-meta":"","astra-migrate-meta-layouts":"set","ast-page-background-enabled":"default","ast-page-background-meta":{"desktop":{"background-color":"","background-image":"","background-repeat":"repeat","background-position":"center center","background-size":"auto","background-attachment":"scroll","background-type":"","background-media":"","overlay-type":"","overlay-color":"","overlay-opacity":"","overlay-gradient":""},"tablet":{"background-color":"","background-image":"","background-repeat":"repeat","background-position":"center center","background-size":"auto","background-attachment":"scroll","background-type":"","background-media":"","overlay-type":"","overlay-color":"","overlay-opacity":"","overlay-gradient":""},"mobile":{"background-color":"","background-image":"","background-repeat":"repeat","background-position":"center center","background-size":"auto","background-attachment":"scroll","background-type":"","background-media":"","overlay-type":"","overlay-color":"","overlay-opacity":"","overlay-gradient":""}},"ast-content-background-meta":{"desktop":{"background-color":"var(--ast-global-color-5)","background-image":"","background-repeat":"repeat","background-position":"center center","background-size":"auto","background-attachment":"scroll","background-type":"","background-media":"","overlay-type":"","overlay-color":"","overlay-opacity":"","overlay-gradient":""},"tablet":{"background-color":"var(--ast-global-color-5)","background-image":"","background-repeat":"repeat","background-position":"center center","background-size":"auto","background-attachment":"scroll","background-type":"","background-media":"","overlay-type":"","overlay-color":"","overlay-opacity":"","overlay-gradient":""},"mobile":{"background-color":"var(--ast-global-color-5)","background-image":"","background-repeat":"repeat","background-position":"center center","background-size":"auto","background-attachment":"scroll","background-type":"","background-media":"","overlay-type":"","overlay-color":"","overlay-opacity":"","overlay-gradient":""}},"footnotes":""},"class_list":["post-227","page","type-page","status-publish","hentry"],"yoast_head":"<!-- This site is optimized with the Yoast SEO plugin v27.5 - https:\/\/yoast.com\/product\/yoast-seo-wordpress\/ -->\n<title>Contacto - Licenciatura en Ingenier\u00eda en Ciencia de la Computaci\u00f3n<\/title>\n<meta name=\"robots\" content=\"index, follow, max-snippet:-1, max-image-preview:large, max-video-preview:-1\" \/>\n<link rel=\"canonical\" href=\"https:\/\/cienciadelacomputacion.uc.cl\/?page_id=227\" \/>\n<meta property=\"og:locale\" content=\"es_ES\" \/>\n<meta property=\"og:type\" content=\"article\" \/>\n<meta property=\"og:title\" content=\"Contacto - Licenciatura en Ingenier\u00eda en Ciencia de la Computaci\u00f3n\" \/>\n<meta property=\"og:description\" content=\"Contacto Vicu\u00f1a Mackenna 4860, Macul Lunes a viernes 9:00 a 18:00 +56 9 5504 4439 licdc@uc.cl\" \/>\n<meta property=\"og:url\" content=\"https:\/\/cienciadelacomputacion.uc.cl\/?page_id=227\" \/>\n<meta property=\"og:site_name\" content=\"Licenciatura en Ingenier\u00eda en Ciencia de la Computaci\u00f3n\" \/>\n<meta property=\"article:modified_time\" content=\"2024-04-12T13:20:41+00:00\" \/>\n<meta property=\"og:image\" content=\"https:\/\/cienciadelacomputacion.uc.cl\/wp-content\/uploads\/2024\/04\/961583_823524-1024x683.webp\" \/>\n<meta name=\"twitter:card\" content=\"summary_large_image\" \/>\n<meta name=\"twitter:label1\" content=\"Tiempo estimado de lectura\" \/>\n\t<meta name=\"twitter:data1\" content=\"1 minuto\" \/>\n<script type=\"application\/ld+json\" class=\"yoast-schema-graph\">{\"@context\":\"https:\\\/\\\/schema.org\",\"@graph\":[{\"@type\":\"WebPage\",\"@id\":\"https:\\\/\\\/cienciadelacomputacion.uc.cl\\\/?page_id=227\",\"url\":\"https:\\\/\\\/cienciadelacomputacion.uc.cl\\\/?page_id=227\",\"name\":\"Contacto - Licenciatura en Ingenier\u00eda en Ciencia de la Computaci\u00f3n\",\"isPartOf\":{\"@id\":\"https:\\\/\\\/cienciadelacomputacion.uc.cl\\\/#website\"},\"primaryImageOfPage\":{\"@id\":\"https:\\\/\\\/cienciadelacomputacion.uc.cl\\\/?page_id=227#primaryimage\"},\"image\":{\"@id\":\"https:\\\/\\\/cienciadelacomputacion.uc.cl\\\/?page_id=227#primaryimage\"},\"thumbnailUrl\":\"https:\\\/\\\/cienciadelacomputacion.uc.cl\\\/wp-content\\\/uploads\\\/2024\\\/04\\\/961583_823524-1024x683.webp\",\"datePublished\":\"2020-04-09T05:35:54+00:00\",\"dateModified\":\"2024-04-12T13:20:41+00:00\",\"breadcrumb\":{\"@id\":\"https:\\\/\\\/cienciadelacomputacion.uc.cl\\\/?page_id=227#breadcrumb\"},\"inLanguage\":\"es-CL\",\"potentialAction\":[{\"@type\":\"ReadAction\",\"target\":[\"https:\\\/\\\/cienciadelacomputacion.uc.cl\\\/?page_id=227\"]}]},{\"@type\":\"ImageObject\",\"inLanguage\":\"es-CL\",\"@id\":\"https:\\\/\\\/cienciadelacomputacion.uc.cl\\\/?page_id=227#primaryimage\",\"url\":\"https:\\\/\\\/cienciadelacomputacion.uc.cl\\\/wp-content\\\/uploads\\\/2024\\\/04\\\/961583_823524.webp\",\"contentUrl\":\"https:\\\/\\\/cienciadelacomputacion.uc.cl\\\/wp-content\\\/uploads\\\/2024\\\/04\\\/961583_823524.webp\",\"width\":1200,\"height\":800},{\"@type\":\"BreadcrumbList\",\"@id\":\"https:\\\/\\\/cienciadelacomputacion.uc.cl\\\/?page_id=227#breadcrumb\",\"itemListElement\":[{\"@type\":\"ListItem\",\"position\":1,\"name\":\"Portada\",\"item\":\"https:\\\/\\\/cienciadelacomputacion.uc.cl\\\/\"},{\"@type\":\"ListItem\",\"position\":2,\"name\":\"Contacto\"}]},{\"@type\":\"WebSite\",\"@id\":\"https:\\\/\\\/cienciadelacomputacion.uc.cl\\\/#website\",\"url\":\"https:\\\/\\\/cienciadelacomputacion.uc.cl\\\/\",\"name\":\"Licenciatura en Ingenier\u00eda en Ciencia de la Computaci\u00f3n\",\"description\":\"Escuela de Ingenier\u00eda\",\"publisher\":{\"@id\":\"https:\\\/\\\/cienciadelacomputacion.uc.cl\\\/#organization\"},\"potentialAction\":[{\"@type\":\"SearchAction\",\"target\":{\"@type\":\"EntryPoint\",\"urlTemplate\":\"https:\\\/\\\/cienciadelacomputacion.uc.cl\\\/?s={search_term_string}\"},\"query-input\":{\"@type\":\"PropertyValueSpecification\",\"valueRequired\":true,\"valueName\":\"search_term_string\"}}],\"inLanguage\":\"es-CL\"},{\"@type\":\"Organization\",\"@id\":\"https:\\\/\\\/cienciadelacomputacion.uc.cl\\\/#organization\",\"name\":\"Licenciatura en Ingenier\u00eda en Ciencia de la Computaci\u00f3n\",\"url\":\"https:\\\/\\\/cienciadelacomputacion.uc.cl\\\/\",\"logo\":{\"@type\":\"ImageObject\",\"inLanguage\":\"es-CL\",\"@id\":\"https:\\\/\\\/cienciadelacomputacion.uc.cl\\\/#\\\/schema\\\/logo\\\/image\\\/\",\"url\":\"https:\\\/\\\/cienciadelacomputacion.uc.cl\\\/wp-content\\\/uploads\\\/2023\\\/11\\\/cropped-UC-P2727-01.png\",\"contentUrl\":\"https:\\\/\\\/cienciadelacomputacion.uc.cl\\\/wp-content\\\/uploads\\\/2023\\\/11\\\/cropped-UC-P2727-01.png\",\"width\":307,\"height\":414,\"caption\":\"Licenciatura en Ingenier\u00eda en Ciencia de la Computaci\u00f3n\"},\"image\":{\"@id\":\"https:\\\/\\\/cienciadelacomputacion.uc.cl\\\/#\\\/schema\\\/logo\\\/image\\\/\"}}]}<\/script>\n<!-- \/ Yoast SEO plugin. -->","yoast_head_json":{"title":"Contacto - Licenciatura en Ingenier\u00eda en Ciencia de la Computaci\u00f3n","robots":{"index":"index","follow":"follow","max-snippet":"max-snippet:-1","max-image-preview":"max-image-preview:large","max-video-preview":"max-video-preview:-1"},"canonical":"https:\/\/cienciadelacomputacion.uc.cl\/?page_id=227","og_locale":"es_ES","og_type":"article","og_title":"Contacto - Licenciatura en Ingenier\u00eda en Ciencia de la Computaci\u00f3n","og_description":"Contacto Vicu\u00f1a Mackenna 4860, Macul Lunes a viernes 9:00 a 18:00 +56 9 5504 4439 licdc@uc.cl","og_url":"https:\/\/cienciadelacomputacion.uc.cl\/?page_id=227","og_site_name":"Licenciatura en Ingenier\u00eda en Ciencia de la Computaci\u00f3n","article_modified_time":"2024-04-12T13:20:41+00:00","og_image":[{"url":"https:\/\/cienciadelacomputacion.uc.cl\/wp-content\/uploads\/2024\/04\/961583_823524-1024x683.webp","type":"","width":"","height":""}],"twitter_card":"summary_large_image","twitter_misc":{"Tiempo estimado de lectura":"1 minuto"},"schema":{"@context":"https:\/\/schema.org","@graph":[{"@type":"WebPage","@id":"https:\/\/cienciadelacomputacion.uc.cl\/?page_id=227","url":"https:\/\/cienciadelacomputacion.uc.cl\/?page_id=227","name":"Contacto - Licenciatura en Ingenier\u00eda en Ciencia de la Computaci\u00f3n","isPartOf":{"@id":"https:\/\/cienciadelacomputacion.uc.cl\/#website"},"primaryImageOfPage":{"@id":"https:\/\/cienciadelacomputacion.uc.cl\/?page_id=227#primaryimage"},"image":{"@id":"https:\/\/cienciadelacomputacion.uc.cl\/?page_id=227#primaryimage"},"thumbnailUrl":"https:\/\/cienciadelacomputacion.uc.cl\/wp-content\/uploads\/2024\/04\/961583_823524-1024x683.webp","datePublished":"2020-04-09T05:35:54+00:00","dateModified":"2024-04-12T13:20:41+00:00","breadcrumb":{"@id":"https:\/\/cienciadelacomputacion.uc.cl\/?page_id=227#breadcrumb"},"inLanguage":"es-CL","potentialAction":[{"@type":"ReadAction","target":["https:\/\/cienciadelacomputacion.uc.cl\/?page_id=227"]}]},{"@type":"ImageObject","inLanguage":"es-CL","@id":"https:\/\/cienciadelacomputacion.uc.cl\/?page_id=227#primaryimage","url":"https:\/\/cienciadelacomputacion.uc.cl\/wp-content\/uploads\/2024\/04\/961583_823524.webp","contentUrl":"https:\/\/cienciadelacomputacion.uc.cl\/wp-content\/uploads\/2024\/04\/961583_823524.webp","width":1200,"height":800},{"@type":"BreadcrumbList","@id":"https:\/\/cienciadelacomputacion.uc.cl\/?page_id=227#breadcrumb","itemListElement":[{"@type":"ListItem","position":1,"name":"Portada","item":"https:\/\/cienciadelacomputacion.uc.cl\/"},{"@type":"ListItem","position":2,"name":"Contacto"}]},{"@type":"WebSite","@id":"https:\/\/cienciadelacomputacion.uc.cl\/#website","url":"https:\/\/cienciadelacomputacion.uc.cl\/","name":"Licenciatura en Ingenier\u00eda en Ciencia de la Computaci\u00f3n","description":"Escuela de Ingenier\u00eda","publisher":{"@id":"https:\/\/cienciadelacomputacion.uc.cl\/#organization"},"potentialAction":[{"@type":"SearchAction","target":{"@type":"EntryPoint","urlTemplate":"https:\/\/cienciadelacomputacion.uc.cl\/?s={search_term_string}"},"query-input":{"@type":"PropertyValueSpecification","valueRequired":true,"valueName":"search_term_string"}}],"inLanguage":"es-CL"},{"@type":"Organization","@id":"https:\/\/cienciadelacomputacion.uc.cl\/#organization","name":"Licenciatura en Ingenier\u00eda en Ciencia de la Computaci\u00f3n","url":"https:\/\/cienciadelacomputacion.uc.cl\/","logo":{"@type":"ImageObject","inLanguage":"es-CL","@id":"https:\/\/cienciadelacomputacion.uc.cl\/#\/schema\/logo\/image\/","url":"https:\/\/cienciadelacomputacion.uc.cl\/wp-content\/uploads\/2023\/11\/cropped-UC-P2727-01.png","contentUrl":"https:\/\/cienciadelacomputacion.uc.cl\/wp-content\/uploads\/2023\/11\/cropped-UC-P2727-01.png","width":307,"height":414,"caption":"Licenciatura en Ingenier\u00eda en Ciencia de la Computaci\u00f3n"},"image":{"@id":"https:\/\/cienciadelacomputacion.uc.cl\/#\/schema\/logo\/image\/"}}]}},"_links":{"self":[{"href":"https:\/\/cienciadelacomputacion.uc.cl\/index.php?rest_route=\/wp\/v2\/pages\/227","targetHints":{"allow":["GET"]}}],"collection":[{"href":"https:\/\/cienciadelacomputacion.uc.cl\/index.php?rest_route=\/wp\/v2\/pages"}],"about":[{"href":"https:\/\/cienciadelacomputacion.uc.cl\/index.php?rest_route=\/wp\/v2\/types\/page"}],"author":[{"embeddable":true,"href":"https:\/\/cienciadelacomputacion.uc.cl\/index.php?rest_route=\/wp\/v2\/users\/4"}],"replies":[{"embeddable":true,"href":"https:\/\/cienciadelacomputacion.uc.cl\/index.php?rest_route=%2Fwp%2Fv2%2Fcomments&post=227"}],"version-history":[{"count":16,"href":"https:\/\/cienciadelacomputacion.uc.cl\/index.php?rest_route=\/wp\/v2\/pages\/227\/revisions"}],"predecessor-version":[{"id":1870,"href":"https:\/\/cienciadelacomputacion.uc.cl\/index.php?rest_route=\/wp\/v2\/pages\/227\/revisions\/1870"}],"wp:attachment":[{"href":"https:\/\/cienciadelacomputacion.uc.cl\/index.php?rest_route=%2Fwp%2Fv2%2Fmedia&parent=227"}],"curies":[{"name":"wp","href":"https:\/\/api.w.org\/{rel}","templated":true}]}}